{"id":3,"date":"2023-02-27T16:20:17","date_gmt":"2023-02-27T15:20:17","guid":{"rendered":"http:\/\/juancarlossexotherapie.com\/juancamadmin\/?page_id=3"},"modified":"2024-06-28T19:48:35","modified_gmt":"2024-06-28T17:48:35","slug":"politique-de-confidentialite","status":"publish","type":"page","link":"https:\/\/juancarlossexotherapie.com\/index.php\/politique-de-confidentialite\/","title":{"rendered":"Politique de confidentialit\u00e9"},"content":{"rendered":"\t\t<div data-elementor-type=\"wp-page\" data-elementor-id=\"3\" class=\"elementor elementor-3\">\n\t\t\t\t\t\t<section class=\"elementor-section elementor-top-section elementor-element elementor-element-7bdda7e elementor-section-boxed elementor-section-height-default elementor-section-height-default\" data-id=\"7bdda7e\" data-element_type=\"section\" data-e-type=\"section\">\n\t\t\t\t\t\t<div class=\"elementor-container elementor-column-gap-default\">\n\t\t\t\t\t<div class=\"elementor-column elementor-col-100 elementor-top-column elementor-element elementor-element-d0fcfee\" data-id=\"d0fcfee\" data-element_type=\"column\" data-e-type=\"column\">\n\t\t\t<div class=\"elementor-widget-wrap elementor-element-populated\">\n\t\t\t\t\t\t<div class=\"elementor-element elementor-element-55e9adf elementor-widget elementor-widget-heading\" data-id=\"55e9adf\" data-element_type=\"widget\" data-e-type=\"widget\" data-widget_type=\"heading.default\">\n\t\t\t\t<div class=\"elementor-widget-container\">\n\t\t\t\t\t<div id=\"ez-toc-container\" class=\"ez-toc-v2_0_82_2 ez-toc-wrap-left counter-hierarchy ez-toc-counter ez-toc-custom ez-toc-container-direction\">\n<div class=\"ez-toc-title-container\">\n<p class=\"ez-toc-title\" style=\"cursor:inherit\">Contenus de la page<\/p>\n<span class=\"ez-toc-title-toggle\"><a href=\"#\" class=\"ez-toc-pull-right ez-toc-btn ez-toc-btn-xs ez-toc-btn-default ez-toc-toggle\" aria-label=\"Toggle Table of Content\"><span class=\"ez-toc-js-icon-con\"><span class=\"\"><span class=\"eztoc-hide\" style=\"display:none;\">Toggle<\/span><span class=\"ez-toc-icon-toggle-span\"><svg style=\"fill: #ffffea;color:#ffffea\" xmlns=\"http:\/\/www.w3.org\/2000\/svg\" class=\"list-377408\" width=\"20px\" height=\"20px\" viewBox=\"0 0 24 24\" fill=\"none\"><path d=\"M6 6H4v2h2V6zm14 0H8v2h12V6zM4 11h2v2H4v-2zm16 0H8v2h12v-2zM4 16h2v2H4v-2zm16 0H8v2h12v-2z\" fill=\"currentColor\"><\/path><\/svg><svg style=\"fill: #ffffea;color:#ffffea\" class=\"arrow-unsorted-368013\" xmlns=\"http:\/\/www.w3.org\/2000\/svg\" width=\"10px\" height=\"10px\" viewBox=\"0 0 24 24\" version=\"1.2\" baseProfile=\"tiny\"><path d=\"M18.2 9.3l-6.2-6.3-6.2 6.3c-.2.2-.3.4-.3.7s.1.5.3.7c.2.2.4.3.7.3h11c.3 0 .5-.1.7-.3.2-.2.3-.5.3-.7s-.1-.5-.3-.7zM5.8 14.7l6.2 6.3 6.2-6.3c.2-.2.3-.5.3-.7s-.1-.5-.3-.7c-.2-.2-.4-.3-.7-.3h-11c-.3 0-.5.1-.7.3-.2.2-.3.5-.3.7s.1.5.3.7z\"\/><\/svg><\/span><\/span><\/span><\/a><\/span><\/div>\n<nav><ul class='ez-toc-list ez-toc-list-level-1 ' ><ul class='ez-toc-list-level-2' ><li class='ez-toc-heading-level-2'><a class=\"ez-toc-link ez-toc-heading-1\" href=\"https:\/\/juancarlossexotherapie.com\/index.php\/politique-de-confidentialite\/#Politique_de_confidentialite\" >Politique de confidentialit\u00e9<\/a><\/li><\/ul><\/li><li class='ez-toc-page-1 ez-toc-heading-level-1'><a class=\"ez-toc-link ez-toc-heading-2\" href=\"https:\/\/juancarlossexotherapie.com\/index.php\/politique-de-confidentialite\/#Mentions_Legales\" >Mentions L\u00e9gales<\/a><ul class='ez-toc-list-level-2' ><li class='ez-toc-heading-level-2'><a class=\"ez-toc-link ez-toc-heading-3\" href=\"https:\/\/juancarlossexotherapie.com\/index.php\/politique-de-confidentialite\/#Editeur_du_Site\" >\u00c9diteur du Site<\/a><\/li><li class='ez-toc-page-1 ez-toc-heading-level-2'><a class=\"ez-toc-link ez-toc-heading-4\" href=\"https:\/\/juancarlossexotherapie.com\/index.php\/politique-de-confidentialite\/#Hebergeur_du_Site\" >H\u00e9bergeur du Site<\/a><\/li><li class='ez-toc-page-1 ez-toc-heading-level-2'><a class=\"ez-toc-link ez-toc-heading-5\" href=\"https:\/\/juancarlossexotherapie.com\/index.php\/politique-de-confidentialite\/#Directeur_de_la_Publication\" >Directeur de la Publication<\/a><\/li><li class='ez-toc-page-1 ez-toc-heading-level-2'><a class=\"ez-toc-link ez-toc-heading-6\" href=\"https:\/\/juancarlossexotherapie.com\/index.php\/politique-de-confidentialite\/#Propriete_Intellectuelle\" >Propri\u00e9t\u00e9 Intellectuelle<\/a><\/li><li class='ez-toc-page-1 ez-toc-heading-level-2'><a class=\"ez-toc-link ez-toc-heading-7\" href=\"https:\/\/juancarlossexotherapie.com\/index.php\/politique-de-confidentialite\/#Protection_des_Donnees_Personnelles\" >Protection des Donn\u00e9es Personnelles<\/a><\/li><li class='ez-toc-page-1 ez-toc-heading-level-2'><a class=\"ez-toc-link ez-toc-heading-8\" href=\"https:\/\/juancarlossexotherapie.com\/index.php\/politique-de-confidentialite\/#Cookies\" >Cookies<\/a><\/li><li class='ez-toc-page-1 ez-toc-heading-level-2'><a class=\"ez-toc-link ez-toc-heading-9\" href=\"https:\/\/juancarlossexotherapie.com\/index.php\/politique-de-confidentialite\/#Responsabilite\" >Responsabilit\u00e9<\/a><\/li><li class='ez-toc-page-1 ez-toc-heading-level-2'><a class=\"ez-toc-link ez-toc-heading-10\" href=\"https:\/\/juancarlossexotherapie.com\/index.php\/politique-de-confidentialite\/#Liens_Hypertextes\" >Liens Hypertextes<\/a><\/li><li class='ez-toc-page-1 ez-toc-heading-level-2'><a class=\"ez-toc-link ez-toc-heading-11\" href=\"https:\/\/juancarlossexotherapie.com\/index.php\/politique-de-confidentialite\/#Droit_Applicable_et_Attribution_de_Juridiction\" >Droit Applicable et Attribution de Juridiction<\/a><\/li><\/ul><\/li><\/ul><\/nav><\/div>\n<h2 class=\"elementor-heading-title elementor-size-default\"><span class=\"ez-toc-section\" id=\"Politique_de_confidentialite\"><\/span>Politique de confidentialit\u00e9 <span class=\"ez-toc-section-end\"><\/span><\/h2>\t\t\t\t<\/div>\n\t\t\t\t<\/div>\n\t\t\t\t<div class=\"elementor-element elementor-element-fb53a31 elementor-widget elementor-widget-text-editor\" data-id=\"fb53a31\" data-element_type=\"widget\" data-e-type=\"widget\" data-widget_type=\"text-editor.default\">\n\t\t\t\t<div class=\"elementor-widget-container\">\n\t\t\t\t\t\t\t\t\t<p>Consultez les mentions l\u00e9gales de Juan Carlos Sexoth\u00e9rapie, incluant les informations l\u00e9gales et r\u00e9glementaires du site. Ces informations sont \u00e0 votre disposition pour vous donner un aper\u00e7u transparent de la gestion du site juancarlossexotherapie.com et de son utilisation.<\/p>\t\t\t\t\t\t\t\t<\/div>\n\t\t\t\t<\/div>\n\t\t\t\t\t<\/div>\n\t\t<\/div>\n\t\t\t\t\t<\/div>\n\t\t<\/section>\n\t\t\t\t<section class=\"elementor-section elementor-top-section elementor-element elementor-element-3b9d56b3 elementor-section-boxed elementor-section-height-default elementor-section-height-default\" data-id=\"3b9d56b3\" data-element_type=\"section\" data-e-type=\"section\">\n\t\t\t\t\t\t<div class=\"elementor-container elementor-column-gap-default\">\n\t\t\t\t\t<div class=\"elementor-column elementor-col-100 elementor-top-column elementor-element elementor-element-73257ec6\" data-id=\"73257ec6\" data-element_type=\"column\" data-e-type=\"column\">\n\t\t\t<div class=\"elementor-widget-wrap elementor-element-populated\">\n\t\t\t\t\t\t<div class=\"elementor-element elementor-element-3567387b elementor-widget elementor-widget-text-editor\" data-id=\"3567387b\" data-element_type=\"widget\" data-e-type=\"widget\" data-widget_type=\"text-editor.default\">\n\t\t\t\t<div class=\"elementor-widget-container\">\n\t\t\t\t\t\t\t\t\t<h1 style=\"text-align: center;\"><span class=\"ez-toc-section\" id=\"Mentions_Legales\"><\/span><strong>Mentions L\u00e9gales<\/strong><span class=\"ez-toc-section-end\"><\/span><\/h1>\n<h2><span class=\"ez-toc-section\" id=\"Editeur_du_Site\"><\/span><strong>\u00c9diteur du Site<\/strong><span class=\"ez-toc-section-end\"><\/span><\/h2>\n<p>Nom : Juan Carlos Sexoth\u00e9rapie<\/p>\n<p>Adresse : 13, rue de Veaugues, 58200 Cosne sur Loire, France<\/p>\n<p>T\u00e9l\u00e9phone : 06.16.93.50.26<\/p>\n<p>E-mail : <a href=\"mailto:admin@juancarlossexotherapie.com\">admin@juancarlossexotherapie.com<\/a><\/p>\n<h2><span class=\"ez-toc-section\" id=\"Hebergeur_du_Site\"><\/span><strong>H\u00e9bergeur du Site<\/strong><span class=\"ez-toc-section-end\"><\/span><\/h2>\n<p>Nom de l&rsquo;h\u00e9bergeur : OVH<\/p>\n<p>Adresse : 2, rue Kellermann, 59100 Roubaix<\/p>\n<h2><span class=\"ez-toc-section\" id=\"Directeur_de_la_Publication\"><\/span><strong>Directeur de la Publication<\/strong><span class=\"ez-toc-section-end\"><\/span><\/h2>\n<p>Nom : Juan Carlos Garcia Berrio<\/p>\n<p>Adresse : 13, rue de Veaugues, 58200 Cosne sur Loire, France<\/p>\n<p>E-mail : <a href=\"mailto:admin@juancarlossexotherapie.com\">admin@juancarlossexotherapie.com<\/a><\/p>\n<h2><span class=\"ez-toc-section\" id=\"Propriete_Intellectuelle\"><\/span><strong>Propri\u00e9t\u00e9 Intellectuelle<\/strong><span class=\"ez-toc-section-end\"><\/span><\/h2>\n<p>Le contenu du site (textes, images, graphismes, logo, ic\u00f4nes, etc.) est la propri\u00e9t\u00e9 exclusive de Juan Carlos Sexoth\u00e9rapie, sauf mention contraire. Toute reproduction, distribution, modification, adaptation, retransmission ou publication, m\u00eame partielle, de ces diff\u00e9rents \u00e9l\u00e9ments est strictement interdite sans l&rsquo;accord expr\u00e8s par \u00e9crit de Juan Carlos Sexoth\u00e9rapie.<\/p>\n<h2><span class=\"ez-toc-section\" id=\"Protection_des_Donnees_Personnelles\"><\/span><strong>Protection des Donn\u00e9es Personnelles<\/strong><span class=\"ez-toc-section-end\"><\/span><\/h2>\n<p>Conform\u00e9ment \u00e0 la loi Informatique et Libert\u00e9s du 6 janvier 1978 modifi\u00e9e, vous disposez d&rsquo;un droit d&rsquo;acc\u00e8s, de rectification et de suppression des donn\u00e9es personnelles vous concernant. Vous pouvez exercer ce droit en envoyant un email \u00e0 [adresse email].<\/p>\n<h2><span class=\"ez-toc-section\" id=\"Cookies\"><\/span><strong>Cookies<\/strong><span class=\"ez-toc-section-end\"><\/span><\/h2>\n<p>Le site peut collecter automatiquement des informations via l&rsquo;utilisation de cookies. Un cookie ne permet pas de vous identifier mais enregistre des informations relatives \u00e0 la navigation de votre ordinateur sur le site.<\/p>\n<h2><span class=\"ez-toc-section\" id=\"Responsabilite\"><\/span><strong>Responsabilit\u00e9<\/strong><span class=\"ez-toc-section-end\"><\/span><\/h2>\n<p>Juan Carlos Sexoth\u00e9rapie s&rsquo;efforce de fournir des informations aussi pr\u00e9cises que possible. Toutefois, il ne pourra \u00eatre tenu responsable des omissions, des inexactitudes et des carences dans la mise \u00e0 jour, qu&rsquo;elles soient de son fait ou du fait des tiers partenaires qui lui fournissent ces informations.<\/p>\n<h2><span class=\"ez-toc-section\" id=\"Liens_Hypertextes\"><\/span><strong>Liens Hypertextes<\/strong><span class=\"ez-toc-section-end\"><\/span><\/h2>\n<p>Le site peut contenir des liens hypertextes vers d&rsquo;autres sites. Cependant, Juan Carlos Sexoth\u00e9rapie n&rsquo;a pas la possibilit\u00e9 de v\u00e9rifier le contenu des sites ainsi visit\u00e9s et n&rsquo;assumera en cons\u00e9quence aucune responsabilit\u00e9 de ce fait.<\/p>\n<h2><span class=\"ez-toc-section\" id=\"Droit_Applicable_et_Attribution_de_Juridiction\"><\/span><strong>Droit Applicable et Attribution de Juridiction<\/strong><span class=\"ez-toc-section-end\"><\/span><\/h2>\n<p>Tout litige en relation avec l&rsquo;utilisation du site est soumis au droit fran\u00e7ais. Il est fait attribution exclusive de juridiction aux tribunaux comp\u00e9tents de Paris.<\/p>\t\t\t\t\t\t\t\t<\/div>\n\t\t\t\t<\/div>\n\t\t\t\t\t<\/div>\n\t\t<\/div>\n\t\t\t\t\t<\/div>\n\t\t<\/section>\n\t\t\t\t<\/div>\n\t\t","protected":false},"excerpt":{"rendered":"<p>Politique de confidentialit\u00e9 Consultez les mentions l\u00e9gales de Juan Carlos Sexoth\u00e9rapie, incluant les informations l\u00e9gales et r\u00e9glementaires du site. Ces informations sont \u00e0 votre disposition pour vous donner un aper\u00e7u transparent de la gestion du site juancarlossexotherapie.com et de son utilisation. Mentions L\u00e9gales \u00c9diteur du Site Nom : Juan Carlos Sexoth\u00e9rapie Adresse : 13, rue [&hellip;]<\/p>\n","protected":false},"author":1,"featured_media":0,"parent":0,"menu_order":0,"comment_status":"closed","ping_status":"open","template":"","meta":{"inline_featured_image":false,"ocean_post_layout":"","ocean_both_sidebars_style":"","ocean_both_sidebars_content_width":0,"ocean_both_sidebars_sidebars_width":0,"ocean_sidebar":"","ocean_second_sidebar":"","ocean_disable_margins":"enable","ocean_add_body_class":"","ocean_shortcode_before_top_bar":"","ocean_shortcode_after_top_bar":"","ocean_shortcode_before_header":"","ocean_shortcode_after_header":"","ocean_has_shortcode":"","ocean_shortcode_after_title":"","ocean_shortcode_before_footer_widgets":"","ocean_shortcode_after_footer_widgets":"","ocean_shortcode_before_footer_bottom":"","ocean_shortcode_after_footer_bottom":"","ocean_display_top_bar":"default","ocean_display_header":"default","ocean_header_style":"","ocean_center_header_left_menu":"","ocean_custom_header_template":"","ocean_custom_logo":0,"ocean_custom_retina_logo":0,"ocean_custom_logo_max_width":0,"ocean_custom_logo_tablet_max_width":0,"ocean_custom_logo_mobile_max_width":0,"ocean_custom_logo_max_height":0,"ocean_custom_logo_tablet_max_height":0,"ocean_custom_logo_mobile_max_height":0,"ocean_header_custom_menu":"","ocean_menu_typo_font_family":"","ocean_menu_typo_font_subset":"","ocean_menu_typo_font_size":0,"ocean_menu_typo_font_size_tablet":0,"ocean_menu_typo_font_size_mobile":0,"ocean_menu_typo_font_size_unit":"px","ocean_menu_typo_font_weight":"","ocean_menu_typo_font_weight_tablet":"","ocean_menu_typo_font_weight_mobile":"","ocean_menu_typo_transform":"","ocean_menu_typo_transform_tablet":"","ocean_menu_typo_transform_mobile":"","ocean_menu_typo_line_height":0,"ocean_menu_typo_line_height_tablet":0,"ocean_menu_typo_line_height_mobile":0,"ocean_menu_typo_line_height_unit":"","ocean_menu_typo_spacing":0,"ocean_menu_typo_spacing_tablet":0,"ocean_menu_typo_spacing_mobile":0,"ocean_menu_typo_spacing_unit":"","ocean_menu_link_color":"","ocean_menu_link_color_hover":"","ocean_menu_link_color_active":"","ocean_menu_link_background":"","ocean_menu_link_hover_background":"","ocean_menu_link_active_background":"","ocean_menu_social_links_bg":"","ocean_menu_social_hover_links_bg":"","ocean_menu_social_links_color":"","ocean_menu_social_hover_links_color":"","ocean_disable_title":"default","ocean_disable_heading":"default","ocean_post_title":"","ocean_post_subheading":"","ocean_post_title_style":"","ocean_post_title_background_color":"","ocean_post_title_background":0,"ocean_post_title_bg_image_position":"","ocean_post_title_bg_image_attachment":"","ocean_post_title_bg_image_repeat":"","ocean_post_title_bg_image_size":"","ocean_post_title_height":0,"ocean_post_title_bg_overlay":0.5,"ocean_post_title_bg_overlay_color":"","ocean_disable_breadcrumbs":"default","ocean_breadcrumbs_color":"","ocean_breadcrumbs_separator_color":"","ocean_breadcrumbs_links_color":"","ocean_breadcrumbs_links_hover_color":"","ocean_display_footer_widgets":"default","ocean_display_footer_bottom":"default","ocean_custom_footer_template":"","footnotes":""},"class_list":["post-3","page","type-page","status-publish","hentry","entry"],"yoast_head":"<!-- This site is optimized with the Yoast SEO plugin v27.4 - https:\/\/yoast.com\/product\/yoast-seo-wordpress\/ -->\n<title>Politique de confidentialit\u00e9 - Juan Carlos Sexoth\u00e9rapie et Mieux-\u00catre<\/title>\n<meta name=\"description\" content=\"D\u00e9couvrez la politique de confidentialit\u00e9 de Juan Carlos Sexoth\u00e9rapie, garantissant la protection de vos donn\u00e9es personnelles.\" \/>\n<meta name=\"robots\" content=\"index, follow, max-snippet:-1, max-image-preview:large, max-video-preview:-1\" \/>\n<link rel=\"canonical\" href=\"https:\/\/www.juancarlossexotherapie.com\/politique-de-confidentialite\" \/>\n<meta property=\"og:locale\" content=\"fr_FR\" \/>\n<meta property=\"og:type\" content=\"article\" \/>\n<meta property=\"og:title\" content=\"Politique de confidentialit\u00e9 - Juan Carlos Sexoth\u00e9rapie et Mieux-\u00catre\" \/>\n<meta property=\"og:description\" content=\"D\u00e9couvrez la politique de confidentialit\u00e9 de Juan Carlos Sexoth\u00e9rapie, garantissant la protection de vos donn\u00e9es personnelles.\" \/>\n<meta property=\"og:url\" content=\"https:\/\/www.juancarlossexotherapie.com\/politique-de-confidentialite\" \/>\n<meta property=\"og:site_name\" content=\"Juan Carlos Sexoth\u00e9rapie et Mieux-\u00catre\" \/>\n<meta property=\"article:publisher\" content=\"https:\/\/www.facebook.com\/profile.php?id=100091761399111\" \/>\n<meta property=\"article:modified_time\" content=\"2024-06-28T17:48:35+00:00\" \/>\n<meta name=\"twitter:card\" content=\"summary_large_image\" \/>\n<meta name=\"twitter:site\" content=\"@jcsexoter16373\" \/>\n<meta name=\"twitter:label1\" content=\"Dur\u00e9e de lecture estim\u00e9e\" \/>\n\t<meta name=\"twitter:data1\" content=\"2 minutes\" \/>\n<script type=\"application\/ld+json\" class=\"yoast-schema-graph\">{\"@context\":\"https:\\\/\\\/schema.org\",\"@graph\":[{\"@type\":\"WebPage\",\"@id\":\"https:\\\/\\\/juancarlossexotherapie.com\\\/index.php\\\/politique-de-confidentialite\\\/\",\"url\":\"https:\\\/\\\/www.juancarlossexotherapie.com\\\/politique-de-confidentialite\",\"name\":\"Politique de confidentialit\u00e9 - Juan Carlos Sexoth\u00e9rapie et Mieux-\u00catre\",\"isPartOf\":{\"@id\":\"http:\\\/\\\/juancarlossexotherapie.com\\\/#website\"},\"datePublished\":\"2023-02-27T15:20:17+00:00\",\"dateModified\":\"2024-06-28T17:48:35+00:00\",\"description\":\"D\u00e9couvrez la politique de confidentialit\u00e9 de Juan Carlos Sexoth\u00e9rapie, garantissant la protection de vos donn\u00e9es personnelles.\",\"breadcrumb\":{\"@id\":\"https:\\\/\\\/www.juancarlossexotherapie.com\\\/politique-de-confidentialite#breadcrumb\"},\"inLanguage\":\"fr-FR\",\"potentialAction\":[{\"@type\":\"ReadAction\",\"target\":[\"https:\\\/\\\/www.juancarlossexotherapie.com\\\/politique-de-confidentialite\"]}]},{\"@type\":\"BreadcrumbList\",\"@id\":\"https:\\\/\\\/www.juancarlossexotherapie.com\\\/politique-de-confidentialite#breadcrumb\",\"itemListElement\":[{\"@type\":\"ListItem\",\"position\":1,\"name\":\"Accueil\",\"item\":\"http:\\\/\\\/juancarlossexotherapie.com\\\/\"},{\"@type\":\"ListItem\",\"position\":2,\"name\":\"Politique de Confidentialit\u00e9\"}]},{\"@type\":\"WebSite\",\"@id\":\"http:\\\/\\\/juancarlossexotherapie.com\\\/#website\",\"url\":\"http:\\\/\\\/juancarlossexotherapie.com\\\/\",\"name\":\"Juan Carlos Sexoth\u00e9rapie et Mieux-\u00catre\",\"description\":\"\u00catre mieux pour vivre bien\",\"publisher\":{\"@id\":\"http:\\\/\\\/juancarlossexotherapie.com\\\/#organization\"},\"potentialAction\":[{\"@type\":\"SearchAction\",\"target\":{\"@type\":\"EntryPoint\",\"urlTemplate\":\"http:\\\/\\\/juancarlossexotherapie.com\\\/?s={search_term_string}\"},\"query-input\":{\"@type\":\"PropertyValueSpecification\",\"valueRequired\":true,\"valueName\":\"search_term_string\"}}],\"inLanguage\":\"fr-FR\"},{\"@type\":\"Organization\",\"@id\":\"http:\\\/\\\/juancarlossexotherapie.com\\\/#organization\",\"name\":\"Juan Carlos Sexoth\u00e9rapie et Mieux-\u00catre\",\"url\":\"http:\\\/\\\/juancarlossexotherapie.com\\\/\",\"logo\":{\"@type\":\"ImageObject\",\"inLanguage\":\"fr-FR\",\"@id\":\"http:\\\/\\\/juancarlossexotherapie.com\\\/#\\\/schema\\\/logo\\\/image\\\/\",\"url\":\"https:\\\/\\\/juancarlossexotherapie.com\\\/wp-content\\\/uploads\\\/2023\\\/02\\\/cropped-cropped-cropped-cropped-LOGO-RECTANGLE-AVEC-TEXTE-SEXO-1.png\",\"contentUrl\":\"https:\\\/\\\/juancarlossexotherapie.com\\\/wp-content\\\/uploads\\\/2023\\\/02\\\/cropped-cropped-cropped-cropped-LOGO-RECTANGLE-AVEC-TEXTE-SEXO-1.png\",\"width\":1196,\"height\":489,\"caption\":\"Juan Carlos Sexoth\u00e9rapie et Mieux-\u00catre\"},\"image\":{\"@id\":\"http:\\\/\\\/juancarlossexotherapie.com\\\/#\\\/schema\\\/logo\\\/image\\\/\"},\"sameAs\":[\"https:\\\/\\\/www.facebook.com\\\/profile.php?id=100091761399111\",\"https:\\\/\\\/x.com\\\/jcsexoter16373\",\"https:\\\/\\\/www.instagram.com\\\/juancarlossexotherapie\\\/\"]}]}<\/script>\n<!-- \/ Yoast SEO plugin. -->","yoast_head_json":{"title":"Politique de confidentialit\u00e9 - Juan Carlos Sexoth\u00e9rapie et Mieux-\u00catre","description":"D\u00e9couvrez la politique de confidentialit\u00e9 de Juan Carlos Sexoth\u00e9rapie, garantissant la protection de vos donn\u00e9es personnelles.","robots":{"index":"index","follow":"follow","max-snippet":"max-snippet:-1","max-image-preview":"max-image-preview:large","max-video-preview":"max-video-preview:-1"},"canonical":"https:\/\/www.juancarlossexotherapie.com\/politique-de-confidentialite","og_locale":"fr_FR","og_type":"article","og_title":"Politique de confidentialit\u00e9 - Juan Carlos Sexoth\u00e9rapie et Mieux-\u00catre","og_description":"D\u00e9couvrez la politique de confidentialit\u00e9 de Juan Carlos Sexoth\u00e9rapie, garantissant la protection de vos donn\u00e9es personnelles.","og_url":"https:\/\/www.juancarlossexotherapie.com\/politique-de-confidentialite","og_site_name":"Juan Carlos Sexoth\u00e9rapie et Mieux-\u00catre","article_publisher":"https:\/\/www.facebook.com\/profile.php?id=100091761399111","article_modified_time":"2024-06-28T17:48:35+00:00","twitter_card":"summary_large_image","twitter_site":"@jcsexoter16373","twitter_misc":{"Dur\u00e9e de lecture estim\u00e9e":"2 minutes"},"schema":{"@context":"https:\/\/schema.org","@graph":[{"@type":"WebPage","@id":"https:\/\/juancarlossexotherapie.com\/index.php\/politique-de-confidentialite\/","url":"https:\/\/www.juancarlossexotherapie.com\/politique-de-confidentialite","name":"Politique de confidentialit\u00e9 - Juan Carlos Sexoth\u00e9rapie et Mieux-\u00catre","isPartOf":{"@id":"http:\/\/juancarlossexotherapie.com\/#website"},"datePublished":"2023-02-27T15:20:17+00:00","dateModified":"2024-06-28T17:48:35+00:00","description":"D\u00e9couvrez la politique de confidentialit\u00e9 de Juan Carlos Sexoth\u00e9rapie, garantissant la protection de vos donn\u00e9es personnelles.","breadcrumb":{"@id":"https:\/\/www.juancarlossexotherapie.com\/politique-de-confidentialite#breadcrumb"},"inLanguage":"fr-FR","potentialAction":[{"@type":"ReadAction","target":["https:\/\/www.juancarlossexotherapie.com\/politique-de-confidentialite"]}]},{"@type":"BreadcrumbList","@id":"https:\/\/www.juancarlossexotherapie.com\/politique-de-confidentialite#breadcrumb","itemListElement":[{"@type":"ListItem","position":1,"name":"Accueil","item":"http:\/\/juancarlossexotherapie.com\/"},{"@type":"ListItem","position":2,"name":"Politique de Confidentialit\u00e9"}]},{"@type":"WebSite","@id":"http:\/\/juancarlossexotherapie.com\/#website","url":"http:\/\/juancarlossexotherapie.com\/","name":"Juan Carlos Sexoth\u00e9rapie et Mieux-\u00catre","description":"\u00catre mieux pour vivre bien","publisher":{"@id":"http:\/\/juancarlossexotherapie.com\/#organization"},"potentialAction":[{"@type":"SearchAction","target":{"@type":"EntryPoint","urlTemplate":"http:\/\/juancarlossexotherapie.com\/?s={search_term_string}"},"query-input":{"@type":"PropertyValueSpecification","valueRequired":true,"valueName":"search_term_string"}}],"inLanguage":"fr-FR"},{"@type":"Organization","@id":"http:\/\/juancarlossexotherapie.com\/#organization","name":"Juan Carlos Sexoth\u00e9rapie et Mieux-\u00catre","url":"http:\/\/juancarlossexotherapie.com\/","logo":{"@type":"ImageObject","inLanguage":"fr-FR","@id":"http:\/\/juancarlossexotherapie.com\/#\/schema\/logo\/image\/","url":"https:\/\/juancarlossexotherapie.com\/wp-content\/uploads\/2023\/02\/cropped-cropped-cropped-cropped-LOGO-RECTANGLE-AVEC-TEXTE-SEXO-1.png","contentUrl":"https:\/\/juancarlossexotherapie.com\/wp-content\/uploads\/2023\/02\/cropped-cropped-cropped-cropped-LOGO-RECTANGLE-AVEC-TEXTE-SEXO-1.png","width":1196,"height":489,"caption":"Juan Carlos Sexoth\u00e9rapie et Mieux-\u00catre"},"image":{"@id":"http:\/\/juancarlossexotherapie.com\/#\/schema\/logo\/image\/"},"sameAs":["https:\/\/www.facebook.com\/profile.php?id=100091761399111","https:\/\/x.com\/jcsexoter16373","https:\/\/www.instagram.com\/juancarlossexotherapie\/"]}]}},"_links":{"self":[{"href":"https:\/\/juancarlossexotherapie.com\/index.php\/wp-json\/wp\/v2\/pages\/3","targetHints":{"allow":["GET"]}}],"collection":[{"href":"https:\/\/juancarlossexotherapie.com\/index.php\/wp-json\/wp\/v2\/pages"}],"about":[{"href":"https:\/\/juancarlossexotherapie.com\/index.php\/wp-json\/wp\/v2\/types\/page"}],"author":[{"embeddable":true,"href":"https:\/\/juancarlossexotherapie.com\/index.php\/wp-json\/wp\/v2\/users\/1"}],"replies":[{"embeddable":true,"href":"https:\/\/juancarlossexotherapie.com\/index.php\/wp-json\/wp\/v2\/comments?post=3"}],"version-history":[{"count":15,"href":"https:\/\/juancarlossexotherapie.com\/index.php\/wp-json\/wp\/v2\/pages\/3\/revisions"}],"predecessor-version":[{"id":776,"href":"https:\/\/juancarlossexotherapie.com\/index.php\/wp-json\/wp\/v2\/pages\/3\/revisions\/776"}],"wp:attachment":[{"href":"https:\/\/juancarlossexotherapie.com\/index.php\/wp-json\/wp\/v2\/media?parent=3"}],"curies":[{"name":"wp","href":"https:\/\/api.w.org\/{rel}","templated":true}]}}