{"id":309,"date":"2023-03-17T16:44:33","date_gmt":"2023-03-17T15:44:33","guid":{"rendered":"https:\/\/juancarlossexotherapie.com\/?page_id=309"},"modified":"2024-06-28T19:28:55","modified_gmt":"2024-06-28T17:28:55","slug":"rgpd","status":"publish","type":"page","link":"https:\/\/juancarlossexotherapie.com\/index.php\/rgpd\/","title":{"rendered":"RGPD"},"content":{"rendered":"\t\t<div data-elementor-type=\"wp-page\" data-elementor-id=\"309\" class=\"elementor elementor-309\">\n\t\t\t\t\t\t<section class=\"elementor-section elementor-top-section elementor-element elementor-element-d42fc56 elementor-section-boxed elementor-section-height-default elementor-section-height-default\" data-id=\"d42fc56\" data-element_type=\"section\" data-e-type=\"section\">\n\t\t\t\t\t\t<div class=\"elementor-container elementor-column-gap-default\">\n\t\t\t\t\t<div class=\"elementor-column elementor-col-100 elementor-top-column elementor-element elementor-element-817748d\" data-id=\"817748d\" data-element_type=\"column\" data-e-type=\"column\">\n\t\t\t<div class=\"elementor-widget-wrap elementor-element-populated\">\n\t\t\t\t\t\t<div class=\"elementor-element elementor-element-9e59192 elementor-widget elementor-widget-heading\" data-id=\"9e59192\" data-element_type=\"widget\" data-e-type=\"widget\" data-widget_type=\"heading.default\">\n\t\t\t\t<div class=\"elementor-widget-container\">\n\t\t\t\t\t<div id=\"ez-toc-container\" class=\"ez-toc-v2_0_82_2 ez-toc-wrap-left counter-hierarchy ez-toc-counter ez-toc-custom ez-toc-container-direction\">\n<div class=\"ez-toc-title-container\">\n<p class=\"ez-toc-title\" style=\"cursor:inherit\">Contenus de la page<\/p>\n<span class=\"ez-toc-title-toggle\"><a href=\"#\" class=\"ez-toc-pull-right ez-toc-btn ez-toc-btn-xs ez-toc-btn-default ez-toc-toggle\" aria-label=\"Toggle Table of Content\"><span class=\"ez-toc-js-icon-con\"><span class=\"\"><span class=\"eztoc-hide\" style=\"display:none;\">Toggle<\/span><span class=\"ez-toc-icon-toggle-span\"><svg style=\"fill: #ffffea;color:#ffffea\" xmlns=\"http:\/\/www.w3.org\/2000\/svg\" class=\"list-377408\" width=\"20px\" height=\"20px\" viewBox=\"0 0 24 24\" fill=\"none\"><path d=\"M6 6H4v2h2V6zm14 0H8v2h12V6zM4 11h2v2H4v-2zm16 0H8v2h12v-2zM4 16h2v2H4v-2zm16 0H8v2h12v-2z\" fill=\"currentColor\"><\/path><\/svg><svg style=\"fill: #ffffea;color:#ffffea\" class=\"arrow-unsorted-368013\" xmlns=\"http:\/\/www.w3.org\/2000\/svg\" width=\"10px\" height=\"10px\" viewBox=\"0 0 24 24\" version=\"1.2\" baseProfile=\"tiny\"><path d=\"M18.2 9.3l-6.2-6.3-6.2 6.3c-.2.2-.3.4-.3.7s.1.5.3.7c.2.2.4.3.7.3h11c.3 0 .5-.1.7-.3.2-.2.3-.5.3-.7s-.1-.5-.3-.7zM5.8 14.7l6.2 6.3 6.2-6.3c.2-.2.3-.5.3-.7s-.1-.5-.3-.7c-.2-.2-.4-.3-.7-.3h-11c-.3 0-.5.1-.7.3-.2.2-.3.5-.3.7s.1.5.3.7z\"\/><\/svg><\/span><\/span><\/span><\/a><\/span><\/div>\n<nav><ul class='ez-toc-list ez-toc-list-level-1 ' ><ul class='ez-toc-list-level-2' ><li class='ez-toc-heading-level-2'><a class=\"ez-toc-link ez-toc-heading-1\" href=\"https:\/\/juancarlossexotherapie.com\/index.php\/rgpd\/#POLITIQUE_DE_CONFIDENTIALITE_RGPD\" >POLITIQUE DE CONFIDENTIALIT\u00c9 RGPD<\/a><\/li><\/ul><\/li><li class='ez-toc-page-1 ez-toc-heading-level-1'><a class=\"ez-toc-link ez-toc-heading-2\" href=\"https:\/\/juancarlossexotherapie.com\/index.php\/rgpd\/#Politique_de_Protection_des_Donnees_Personnelles_RGPD\" >Politique de Protection des Donn\u00e9es Personnelles (RGPD)<\/a><ul class='ez-toc-list-level-2' ><li class='ez-toc-heading-level-2'><a class=\"ez-toc-link ez-toc-heading-3\" href=\"https:\/\/juancarlossexotherapie.com\/index.php\/rgpd\/#Collecte_des_Donnees_Personnelles\" >Collecte des Donn\u00e9es Personnelles<\/a><\/li><li class='ez-toc-page-1 ez-toc-heading-level-2'><a class=\"ez-toc-link ez-toc-heading-4\" href=\"https:\/\/juancarlossexotherapie.com\/index.php\/rgpd\/#Base_Legale_du_Traitement\" >Base L\u00e9gale du Traitement<\/a><\/li><li class='ez-toc-page-1 ez-toc-heading-level-2'><a class=\"ez-toc-link ez-toc-heading-5\" href=\"https:\/\/juancarlossexotherapie.com\/index.php\/rgpd\/#Droits_des_Utilisateurs\" >Droits des Utilisateurs<\/a><\/li><li class='ez-toc-page-1 ez-toc-heading-level-2'><a class=\"ez-toc-link ez-toc-heading-6\" href=\"https:\/\/juancarlossexotherapie.com\/index.php\/rgpd\/#Vous_pouvez_exercer_ces_droits_en_contactant\" >Vous pouvez exercer ces droits en contactant :<\/a><\/li><li class='ez-toc-page-1 ez-toc-heading-level-2'><a class=\"ez-toc-link ez-toc-heading-7\" href=\"https:\/\/juancarlossexotherapie.com\/index.php\/rgpd\/#Conservation_des_Donnees\" >Conservation des Donn\u00e9es<\/a><\/li><li class='ez-toc-page-1 ez-toc-heading-level-2'><a class=\"ez-toc-link ez-toc-heading-8\" href=\"https:\/\/juancarlossexotherapie.com\/index.php\/rgpd\/#Securite_des_Donnees\" >S\u00e9curit\u00e9 des Donn\u00e9es<\/a><\/li><li class='ez-toc-page-1 ez-toc-heading-level-2'><a class=\"ez-toc-link ez-toc-heading-9\" href=\"https:\/\/juancarlossexotherapie.com\/index.php\/rgpd\/#Partage_des_Donnees\" >Partage des Donn\u00e9es<\/a><\/li><li class='ez-toc-page-1 ez-toc-heading-level-2'><a class=\"ez-toc-link ez-toc-heading-10\" href=\"https:\/\/juancarlossexotherapie.com\/index.php\/rgpd\/#Cookies\" >Cookies<\/a><\/li><li class='ez-toc-page-1 ez-toc-heading-level-2'><a class=\"ez-toc-link ez-toc-heading-11\" href=\"https:\/\/juancarlossexotherapie.com\/index.php\/rgpd\/#Contact\" >Contact<\/a><\/li><li class='ez-toc-page-1 ez-toc-heading-level-2'><a class=\"ez-toc-link ez-toc-heading-12\" href=\"https:\/\/juancarlossexotherapie.com\/index.php\/rgpd\/#Droit_de_Reclamation\" >Droit de R\u00e9clamation<\/a><\/li><li class='ez-toc-page-1 ez-toc-heading-level-2'><a class=\"ez-toc-link ez-toc-heading-13\" href=\"https:\/\/juancarlossexotherapie.com\/index.php\/rgpd\/#Mise_a_Jour_de_la_Politique_de_Confidentialite\" >Mise \u00e0 Jour de la Politique de Confidentialit\u00e9<\/a><\/li><\/ul><\/li><\/ul><\/nav><\/div>\n<h2 class=\"elementor-heading-title elementor-size-default\"><span class=\"ez-toc-section\" id=\"POLITIQUE_DE_CONFIDENTIALITE_RGPD\"><\/span>POLITIQUE DE CONFIDENTIALIT\u00c9 RGPD<span class=\"ez-toc-section-end\"><\/span><\/h2>\t\t\t\t<\/div>\n\t\t\t\t<\/div>\n\t\t\t\t<div class=\"elementor-element elementor-element-7c51582 elementor-widget elementor-widget-text-editor\" data-id=\"7c51582\" data-element_type=\"widget\" data-e-type=\"widget\" data-widget_type=\"text-editor.default\">\n\t\t\t\t<div class=\"elementor-widget-container\">\n\t\t\t\t\t\t\t\t\t<h1 style=\"text-align: center;\"><span class=\"ez-toc-section\" id=\"Politique_de_Protection_des_Donnees_Personnelles_RGPD\"><\/span><strong>Politique de Protection des Donn\u00e9es Personnelles (RGPD)<\/strong><span class=\"ez-toc-section-end\"><\/span><\/h1><h2><span class=\"ez-toc-section\" id=\"Collecte_des_Donnees_Personnelles\"><\/span><strong>Collecte des Donn\u00e9es Personnelles<\/strong><span class=\"ez-toc-section-end\"><\/span><\/h2><p>Juan Carlos Sexoth\u00e9rapie collecte des donn\u00e9es personnelles pour les finalit\u00e9s suivantes :<\/p><p>&#8211; Prise de rendez-vous pour consultations.<\/p><p>&#8211; Gestion de la relation client.<\/p><p>&#8211; Envoi de communications et d\u2019informations sur les services propos\u00e9s.<\/p><p>Les donn\u00e9es collect\u00e9es peuvent inclure : nom, pr\u00e9nom, adresse email, num\u00e9ro de t\u00e9l\u00e9phone, informations relatives \u00e0 la sant\u00e9 si n\u00e9cessaires pour les consultations.<\/p><h2><span class=\"ez-toc-section\" id=\"Base_Legale_du_Traitement\"><\/span><strong>Base L\u00e9gale du Traitement<\/strong><span class=\"ez-toc-section-end\"><\/span><\/h2><p>Les donn\u00e9es personnelles sont collect\u00e9es sur la base l\u00e9gale suivante :<\/p><p>&#8211; Consentement de la personne concern\u00e9e.<\/p><p>&#8211; Ex\u00e9cution d\u2019un contrat (consultations).<\/p><h2><span class=\"ez-toc-section\" id=\"Droits_des_Utilisateurs\"><\/span><strong>Droits des Utilisateurs<\/strong><span class=\"ez-toc-section-end\"><\/span><\/h2><p>Conform\u00e9ment au RGPD, vous disposez des droits suivants concernant vos donn\u00e9es personnelles :<\/p><p>&#8211; Droit d&rsquo;acc\u00e8s.<\/p><p>&#8211; Droit de rectification.<\/p><p>&#8211; Droit \u00e0 l&rsquo;effacement.<\/p><p>&#8211; Droit \u00e0 la limitation du traitement.<\/p><p>&#8211; Droit \u00e0 la portabilit\u00e9 des donn\u00e9es.<\/p><p>&#8211; Droit d&rsquo;opposition.<\/p><h2><span class=\"ez-toc-section\" id=\"Vous_pouvez_exercer_ces_droits_en_contactant\"><\/span><strong>Vous pouvez exercer ces droits en contactant :<\/strong><span class=\"ez-toc-section-end\"><\/span><\/h2><p>Nom : Juan Carlos<\/p><p>Adresse : 13, rue de Veaugues, 58200 Cosne sur Loire, France<\/p><p>Email : contact@juancarlossexotherapie.com<\/p><h2><span class=\"ez-toc-section\" id=\"Conservation_des_Donnees\"><\/span><strong>Conservation des Donn\u00e9es<\/strong><span class=\"ez-toc-section-end\"><\/span><\/h2><p>Les donn\u00e9es personnelles sont conserv\u00e9es pendant la dur\u00e9e n\u00e9cessaire aux finalit\u00e9s pour lesquelles elles ont \u00e9t\u00e9 collect\u00e9es, et au maximum pour une dur\u00e9e de [indiquer la dur\u00e9e de conservation].<\/p><h2><span class=\"ez-toc-section\" id=\"Securite_des_Donnees\"><\/span><strong>S\u00e9curit\u00e9 des Donn\u00e9es<\/strong><span class=\"ez-toc-section-end\"><\/span><\/h2><p>Juan Carlos Sexoth\u00e9rapie met en \u0153uvre des mesures techniques et organisationnelles appropri\u00e9es pour prot\u00e9ger les donn\u00e9es personnelles contre la destruction, la perte, l&rsquo;alt\u00e9ration, la divulgation non autoris\u00e9e ou l&rsquo;acc\u00e8s non autoris\u00e9.<\/p><h2><span class=\"ez-toc-section\" id=\"Partage_des_Donnees\"><\/span><strong>Partage des Donn\u00e9es<\/strong><span class=\"ez-toc-section-end\"><\/span><\/h2><p>Les donn\u00e9es personnelles ne sont pas partag\u00e9es avec des tiers, sauf si cela est n\u00e9cessaire pour l&rsquo;ex\u00e9cution du service ou si la loi l&rsquo;exige.<\/p><h2><span class=\"ez-toc-section\" id=\"Cookies\"><\/span><strong>Cookies<\/strong><span class=\"ez-toc-section-end\"><\/span><\/h2><p>Le site utilise des cookies pour am\u00e9liorer l\u2019exp\u00e9rience utilisateur. Un cookie est un fichier de petite taille stock\u00e9 sur l\u2019ordinateur de l\u2019utilisateur. Vous pouvez configurer votre navigateur pour refuser les cookies.<\/p><h2><span class=\"ez-toc-section\" id=\"Contact\"><\/span><strong>Contact<\/strong><span class=\"ez-toc-section-end\"><\/span><\/h2><p>Pour toute question ou demande concernant la protection des donn\u00e9es personnelles, vous pouvez contacter :<\/p><p>Nom : Juan Carlos Garcia Berrio<\/p><p>Adresse : 13, rue de Veaugues, 58200 Cosne sur Loire, France<\/p><p>Email : <a href=\"mailto:contact@juancarlossexothraie.com\">contact@juancarlossexothraie.com<\/a><\/p><p>Tel\u00a0: 0616935026<\/p><h2><span class=\"ez-toc-section\" id=\"Droit_de_Reclamation\"><\/span><strong>Droit de R\u00e9clamation<\/strong><span class=\"ez-toc-section-end\"><\/span><\/h2><p>Si vous estimez, apr\u00e8s nous avoir contact\u00e9s, que vos droits \u00ab\u00a0Informatique et Libert\u00e9s\u00a0\u00bb ne sont pas respect\u00e9s, vous pouvez adresser une r\u00e9clamation \u00e0 la CNIL.<\/p><h2><span class=\"ez-toc-section\" id=\"Mise_a_Jour_de_la_Politique_de_Confidentialite\"><\/span><strong>Mise \u00e0 Jour de la Politique de Confidentialit\u00e9<\/strong><span class=\"ez-toc-section-end\"><\/span><\/h2><p>Juan Carlos Sexoth\u00e9rapie se r\u00e9serve le droit de modifier la pr\u00e9sente politique de confidentialit\u00e9 \u00e0 tout moment. Les modifications prendront effet imm\u00e9diatement apr\u00e8s la publication de la nouvelle version sur le site.<\/p>\t\t\t\t\t\t\t\t<\/div>\n\t\t\t\t<\/div>\n\t\t\t\t\t<\/div>\n\t\t<\/div>\n\t\t\t\t\t<\/div>\n\t\t<\/section>\n\t\t\t\t<\/div>\n\t\t","protected":false},"excerpt":{"rendered":"<p>POLITIQUE DE CONFIDENTIALIT\u00c9 RGPD Politique de Protection des Donn\u00e9es Personnelles (RGPD) Collecte des Donn\u00e9es Personnelles Juan Carlos Sexoth\u00e9rapie collecte des donn\u00e9es personnelles pour les finalit\u00e9s suivantes : &#8211; Prise de rendez-vous pour consultations. &#8211; Gestion de la relation client. &#8211; Envoi de communications et d\u2019informations sur les services propos\u00e9s. Les donn\u00e9es collect\u00e9es peuvent inclure : [&hellip;]<\/p>\n","protected":false},"author":1,"featured_media":0,"parent":0,"menu_order":0,"comment_status":"closed","ping_status":"closed","template":"","meta":{"inline_featured_image":false,"ocean_post_layout":"","ocean_both_sidebars_style":"","ocean_both_sidebars_content_width":0,"ocean_both_sidebars_sidebars_width":0,"ocean_sidebar":"0","ocean_second_sidebar":"0","ocean_disable_margins":"enable","ocean_add_body_class":"","ocean_shortcode_before_top_bar":"","ocean_shortcode_after_top_bar":"","ocean_shortcode_before_header":"","ocean_shortcode_after_header":"","ocean_has_shortcode":"","ocean_shortcode_after_title":"","ocean_shortcode_before_footer_widgets":"","ocean_shortcode_after_footer_widgets":"","ocean_shortcode_before_footer_bottom":"","ocean_shortcode_after_footer_bottom":"","ocean_display_top_bar":"default","ocean_display_header":"default","ocean_header_style":"","ocean_center_header_left_menu":"0","ocean_custom_header_template":"0","ocean_custom_logo":0,"ocean_custom_retina_logo":0,"ocean_custom_logo_max_width":0,"ocean_custom_logo_tablet_max_width":0,"ocean_custom_logo_mobile_max_width":0,"ocean_custom_logo_max_height":0,"ocean_custom_logo_tablet_max_height":0,"ocean_custom_logo_mobile_max_height":0,"ocean_header_custom_menu":"0","ocean_menu_typo_font_family":"0","ocean_menu_typo_font_subset":"","ocean_menu_typo_font_size":0,"ocean_menu_typo_font_size_tablet":0,"ocean_menu_typo_font_size_mobile":0,"ocean_menu_typo_font_size_unit":"px","ocean_menu_typo_font_weight":"","ocean_menu_typo_font_weight_tablet":"","ocean_menu_typo_font_weight_mobile":"","ocean_menu_typo_transform":"","ocean_menu_typo_transform_tablet":"","ocean_menu_typo_transform_mobile":"","ocean_menu_typo_line_height":0,"ocean_menu_typo_line_height_tablet":0,"ocean_menu_typo_line_height_mobile":0,"ocean_menu_typo_line_height_unit":"","ocean_menu_typo_spacing":0,"ocean_menu_typo_spacing_tablet":0,"ocean_menu_typo_spacing_mobile":0,"ocean_menu_typo_spacing_unit":"","ocean_menu_link_color":"","ocean_menu_link_color_hover":"","ocean_menu_link_color_active":"","ocean_menu_link_background":"","ocean_menu_link_hover_background":"","ocean_menu_link_active_background":"","ocean_menu_social_links_bg":"","ocean_menu_social_hover_links_bg":"","ocean_menu_social_links_color":"","ocean_menu_social_hover_links_color":"","ocean_disable_title":"default","ocean_disable_heading":"default","ocean_post_title":"","ocean_post_subheading":"","ocean_post_title_style":"","ocean_post_title_background_color":"","ocean_post_title_background":0,"ocean_post_title_bg_image_position":"","ocean_post_title_bg_image_attachment":"","ocean_post_title_bg_image_repeat":"","ocean_post_title_bg_image_size":"","ocean_post_title_height":0,"ocean_post_title_bg_overlay":0.5,"ocean_post_title_bg_overlay_color":"","ocean_disable_breadcrumbs":"default","ocean_breadcrumbs_color":"","ocean_breadcrumbs_separator_color":"","ocean_breadcrumbs_links_color":"","ocean_breadcrumbs_links_hover_color":"","ocean_display_footer_widgets":"default","ocean_display_footer_bottom":"default","ocean_custom_footer_template":"0","footnotes":""},"class_list":["post-309","page","type-page","status-publish","hentry","entry"],"yoast_head":"<!-- This site is optimized with the Yoast SEO plugin v27.4 - https:\/\/yoast.com\/product\/yoast-seo-wordpress\/ -->\n<title>RGPD - Juan Carlos Sexoth\u00e9rapie et Mieux-\u00catre<\/title>\n<meta name=\"description\" content=\"D\u00e9couvrez la politique de protection des donn\u00e9es personnelles de Juan Carlos Sexoth\u00e9rapie conform\u00e9ment au RGPD.\" \/>\n<meta name=\"robots\" content=\"index, follow, max-snippet:-1, max-image-preview:large, max-video-preview:-1\" \/>\n<link rel=\"canonical\" href=\"https:\/\/www.juancarlossexotherapie.com\/rgpd\" \/>\n<meta property=\"og:locale\" content=\"fr_FR\" \/>\n<meta property=\"og:type\" content=\"article\" \/>\n<meta property=\"og:title\" content=\"RGPD - Juan Carlos Sexoth\u00e9rapie et Mieux-\u00catre\" \/>\n<meta property=\"og:description\" content=\"D\u00e9couvrez la politique de protection des donn\u00e9es personnelles de Juan Carlos Sexoth\u00e9rapie conform\u00e9ment au RGPD.\" \/>\n<meta property=\"og:url\" content=\"https:\/\/www.juancarlossexotherapie.com\/rgpd\" \/>\n<meta property=\"og:site_name\" content=\"Juan Carlos Sexoth\u00e9rapie et Mieux-\u00catre\" \/>\n<meta property=\"article:publisher\" content=\"https:\/\/www.facebook.com\/profile.php?id=100091761399111\" \/>\n<meta property=\"article:modified_time\" content=\"2024-06-28T17:28:55+00:00\" \/>\n<meta name=\"twitter:card\" content=\"summary_large_image\" \/>\n<meta name=\"twitter:site\" content=\"@jcsexoter16373\" \/>\n<meta name=\"twitter:label1\" content=\"Dur\u00e9e de lecture estim\u00e9e\" \/>\n\t<meta name=\"twitter:data1\" content=\"2 minutes\" \/>\n<script type=\"application\/ld+json\" class=\"yoast-schema-graph\">{\"@context\":\"https:\\\/\\\/schema.org\",\"@graph\":[{\"@type\":\"WebPage\",\"@id\":\"http:\\\/\\\/juancarlossexotherapie.com\\\/index.php\\\/rgpd\\\/\",\"url\":\"https:\\\/\\\/www.juancarlossexotherapie.com\\\/rgpd\",\"name\":\"RGPD - Juan Carlos Sexoth\u00e9rapie et Mieux-\u00catre\",\"isPartOf\":{\"@id\":\"http:\\\/\\\/juancarlossexotherapie.com\\\/#website\"},\"datePublished\":\"2023-03-17T15:44:33+00:00\",\"dateModified\":\"2024-06-28T17:28:55+00:00\",\"description\":\"D\u00e9couvrez la politique de protection des donn\u00e9es personnelles de Juan Carlos Sexoth\u00e9rapie conform\u00e9ment au RGPD.\",\"breadcrumb\":{\"@id\":\"https:\\\/\\\/www.juancarlossexotherapie.com\\\/rgpd#breadcrumb\"},\"inLanguage\":\"fr-FR\",\"potentialAction\":[{\"@type\":\"ReadAction\",\"target\":[\"https:\\\/\\\/www.juancarlossexotherapie.com\\\/rgpd\"]}]},{\"@type\":\"BreadcrumbList\",\"@id\":\"https:\\\/\\\/www.juancarlossexotherapie.com\\\/rgpd#breadcrumb\",\"itemListElement\":[{\"@type\":\"ListItem\",\"position\":1,\"name\":\"Accueil\",\"item\":\"http:\\\/\\\/juancarlossexotherapie.com\\\/\"},{\"@type\":\"ListItem\",\"position\":2,\"name\":\"RGPD\"}]},{\"@type\":\"WebSite\",\"@id\":\"http:\\\/\\\/juancarlossexotherapie.com\\\/#website\",\"url\":\"http:\\\/\\\/juancarlossexotherapie.com\\\/\",\"name\":\"Juan Carlos Sexoth\u00e9rapie et Mieux-\u00catre\",\"description\":\"\u00catre mieux pour vivre bien\",\"publisher\":{\"@id\":\"http:\\\/\\\/juancarlossexotherapie.com\\\/#organization\"},\"potentialAction\":[{\"@type\":\"SearchAction\",\"target\":{\"@type\":\"EntryPoint\",\"urlTemplate\":\"http:\\\/\\\/juancarlossexotherapie.com\\\/?s={search_term_string}\"},\"query-input\":{\"@type\":\"PropertyValueSpecification\",\"valueRequired\":true,\"valueName\":\"search_term_string\"}}],\"inLanguage\":\"fr-FR\"},{\"@type\":\"Organization\",\"@id\":\"http:\\\/\\\/juancarlossexotherapie.com\\\/#organization\",\"name\":\"Juan Carlos Sexoth\u00e9rapie et Mieux-\u00catre\",\"url\":\"http:\\\/\\\/juancarlossexotherapie.com\\\/\",\"logo\":{\"@type\":\"ImageObject\",\"inLanguage\":\"fr-FR\",\"@id\":\"http:\\\/\\\/juancarlossexotherapie.com\\\/#\\\/schema\\\/logo\\\/image\\\/\",\"url\":\"https:\\\/\\\/juancarlossexotherapie.com\\\/wp-content\\\/uploads\\\/2023\\\/02\\\/cropped-cropped-cropped-cropped-LOGO-RECTANGLE-AVEC-TEXTE-SEXO-1.png\",\"contentUrl\":\"https:\\\/\\\/juancarlossexotherapie.com\\\/wp-content\\\/uploads\\\/2023\\\/02\\\/cropped-cropped-cropped-cropped-LOGO-RECTANGLE-AVEC-TEXTE-SEXO-1.png\",\"width\":1196,\"height\":489,\"caption\":\"Juan Carlos Sexoth\u00e9rapie et Mieux-\u00catre\"},\"image\":{\"@id\":\"http:\\\/\\\/juancarlossexotherapie.com\\\/#\\\/schema\\\/logo\\\/image\\\/\"},\"sameAs\":[\"https:\\\/\\\/www.facebook.com\\\/profile.php?id=100091761399111\",\"https:\\\/\\\/x.com\\\/jcsexoter16373\",\"https:\\\/\\\/www.instagram.com\\\/juancarlossexotherapie\\\/\"]}]}<\/script>\n<!-- \/ Yoast SEO plugin. -->","yoast_head_json":{"title":"RGPD - Juan Carlos Sexoth\u00e9rapie et Mieux-\u00catre","description":"D\u00e9couvrez la politique de protection des donn\u00e9es personnelles de Juan Carlos Sexoth\u00e9rapie conform\u00e9ment au RGPD.","robots":{"index":"index","follow":"follow","max-snippet":"max-snippet:-1","max-image-preview":"max-image-preview:large","max-video-preview":"max-video-preview:-1"},"canonical":"https:\/\/www.juancarlossexotherapie.com\/rgpd","og_locale":"fr_FR","og_type":"article","og_title":"RGPD - Juan Carlos Sexoth\u00e9rapie et Mieux-\u00catre","og_description":"D\u00e9couvrez la politique de protection des donn\u00e9es personnelles de Juan Carlos Sexoth\u00e9rapie conform\u00e9ment au RGPD.","og_url":"https:\/\/www.juancarlossexotherapie.com\/rgpd","og_site_name":"Juan Carlos Sexoth\u00e9rapie et Mieux-\u00catre","article_publisher":"https:\/\/www.facebook.com\/profile.php?id=100091761399111","article_modified_time":"2024-06-28T17:28:55+00:00","twitter_card":"summary_large_image","twitter_site":"@jcsexoter16373","twitter_misc":{"Dur\u00e9e de lecture estim\u00e9e":"2 minutes"},"schema":{"@context":"https:\/\/schema.org","@graph":[{"@type":"WebPage","@id":"http:\/\/juancarlossexotherapie.com\/index.php\/rgpd\/","url":"https:\/\/www.juancarlossexotherapie.com\/rgpd","name":"RGPD - Juan Carlos Sexoth\u00e9rapie et Mieux-\u00catre","isPartOf":{"@id":"http:\/\/juancarlossexotherapie.com\/#website"},"datePublished":"2023-03-17T15:44:33+00:00","dateModified":"2024-06-28T17:28:55+00:00","description":"D\u00e9couvrez la politique de protection des donn\u00e9es personnelles de Juan Carlos Sexoth\u00e9rapie conform\u00e9ment au RGPD.","breadcrumb":{"@id":"https:\/\/www.juancarlossexotherapie.com\/rgpd#breadcrumb"},"inLanguage":"fr-FR","potentialAction":[{"@type":"ReadAction","target":["https:\/\/www.juancarlossexotherapie.com\/rgpd"]}]},{"@type":"BreadcrumbList","@id":"https:\/\/www.juancarlossexotherapie.com\/rgpd#breadcrumb","itemListElement":[{"@type":"ListItem","position":1,"name":"Accueil","item":"http:\/\/juancarlossexotherapie.com\/"},{"@type":"ListItem","position":2,"name":"RGPD"}]},{"@type":"WebSite","@id":"http:\/\/juancarlossexotherapie.com\/#website","url":"http:\/\/juancarlossexotherapie.com\/","name":"Juan Carlos Sexoth\u00e9rapie et Mieux-\u00catre","description":"\u00catre mieux pour vivre bien","publisher":{"@id":"http:\/\/juancarlossexotherapie.com\/#organization"},"potentialAction":[{"@type":"SearchAction","target":{"@type":"EntryPoint","urlTemplate":"http:\/\/juancarlossexotherapie.com\/?s={search_term_string}"},"query-input":{"@type":"PropertyValueSpecification","valueRequired":true,"valueName":"search_term_string"}}],"inLanguage":"fr-FR"},{"@type":"Organization","@id":"http:\/\/juancarlossexotherapie.com\/#organization","name":"Juan Carlos Sexoth\u00e9rapie et Mieux-\u00catre","url":"http:\/\/juancarlossexotherapie.com\/","logo":{"@type":"ImageObject","inLanguage":"fr-FR","@id":"http:\/\/juancarlossexotherapie.com\/#\/schema\/logo\/image\/","url":"https:\/\/juancarlossexotherapie.com\/wp-content\/uploads\/2023\/02\/cropped-cropped-cropped-cropped-LOGO-RECTANGLE-AVEC-TEXTE-SEXO-1.png","contentUrl":"https:\/\/juancarlossexotherapie.com\/wp-content\/uploads\/2023\/02\/cropped-cropped-cropped-cropped-LOGO-RECTANGLE-AVEC-TEXTE-SEXO-1.png","width":1196,"height":489,"caption":"Juan Carlos Sexoth\u00e9rapie et Mieux-\u00catre"},"image":{"@id":"http:\/\/juancarlossexotherapie.com\/#\/schema\/logo\/image\/"},"sameAs":["https:\/\/www.facebook.com\/profile.php?id=100091761399111","https:\/\/x.com\/jcsexoter16373","https:\/\/www.instagram.com\/juancarlossexotherapie\/"]}]}},"_links":{"self":[{"href":"https:\/\/juancarlossexotherapie.com\/index.php\/wp-json\/wp\/v2\/pages\/309","targetHints":{"allow":["GET"]}}],"collection":[{"href":"https:\/\/juancarlossexotherapie.com\/index.php\/wp-json\/wp\/v2\/pages"}],"about":[{"href":"https:\/\/juancarlossexotherapie.com\/index.php\/wp-json\/wp\/v2\/types\/page"}],"author":[{"embeddable":true,"href":"https:\/\/juancarlossexotherapie.com\/index.php\/wp-json\/wp\/v2\/users\/1"}],"replies":[{"embeddable":true,"href":"https:\/\/juancarlossexotherapie.com\/index.php\/wp-json\/wp\/v2\/comments?post=309"}],"version-history":[{"count":9,"href":"https:\/\/juancarlossexotherapie.com\/index.php\/wp-json\/wp\/v2\/pages\/309\/revisions"}],"predecessor-version":[{"id":767,"href":"https:\/\/juancarlossexotherapie.com\/index.php\/wp-json\/wp\/v2\/pages\/309\/revisions\/767"}],"wp:attachment":[{"href":"https:\/\/juancarlossexotherapie.com\/index.php\/wp-json\/wp\/v2\/media?parent=309"}],"curies":[{"name":"wp","href":"https:\/\/api.w.org\/{rel}","templated":true}]}}